{"id":37910,"date":"2024-11-03T22:05:23","date_gmt":"2024-11-03T21:05:23","guid":{"rendered":"https:\/\/enigmadventure.ch\/abmeldebestaetigung\/"},"modified":"2025-11-26T11:53:34","modified_gmt":"2025-11-26T10:53:34","slug":"abmeldebestaetigung","status":"publish","type":"page","link":"https:\/\/enigmadventure.ch\/de\/abmeldebestaetigung\/","title":{"rendered":"Abmeldebest\u00e4tigung"},"content":{"rendered":"\t\t<div data-elementor-type=\"wp-page\" data-elementor-id=\"37910\" class=\"elementor elementor-37910 elementor-34236\" data-elementor-post-type=\"page\">\n\t\t\t\t<div class=\"elementor-element elementor-element-46cfa97 e-flex e-con-boxed e-con e-parent\" data-id=\"46cfa97\" data-element_type=\"container\" data-e-type=\"container\">\n\t\t\t\t\t<div class=\"e-con-inner\">\n\t\t<div class=\"elementor-element elementor-element-c85361b e-con-full e-flex e-con e-child\" data-id=\"c85361b\" data-element_type=\"container\" data-e-type=\"container\" data-settings=\"{&quot;animation&quot;:&quot;none&quot;,&quot;animation_delay&quot;:70,&quot;animation_mobile&quot;:&quot;none&quot;}\">\n\t\t\t\t<div class=\"elementor-element elementor-element-4055319 titres-pers elementor-widget__width-initial elementor-widget elementor-widget-heading\" data-id=\"4055319\" data-element_type=\"widget\" data-e-type=\"widget\" data-settings=\"{&quot;_animation_mobile&quot;:&quot;none&quot;}\" data-widget_type=\"heading.default\">\n\t\t\t\t<div class=\"elementor-widget-container\">\n\t\t\t\t\t<h1 class=\"elementor-heading-title elementor-size-default\">Abmeldung erfolgreich<\/h1>\t\t\t\t<\/div>\n\t\t\t\t<\/div>\n\t\t\t\t<\/div>\n\t\t<div class=\"elementor-element elementor-element-c784b03 e-con-full e-flex e-con e-child\" data-id=\"c784b03\" data-element_type=\"container\" data-e-type=\"container\" data-settings=\"{&quot;animation&quot;:&quot;none&quot;,&quot;animation_mobile&quot;:&quot;none&quot;}\">\n\t\t\t\t<div class=\"elementor-element elementor-element-18d5b48 elementor-widget elementor-widget-text-editor\" data-id=\"18d5b48\" data-element_type=\"widget\" data-e-type=\"widget\" data-settings=\"{&quot;_animation_mobile&quot;:&quot;none&quot;}\" data-widget_type=\"text-editor.default\">\n\t\t\t\t<div class=\"elementor-widget-container\">\n\t\t\t\t\t\t\t\t\t<p>Wir best\u00e4tigen dir, dass du keine weiteren Newsletter mehr von uns erhalten wirst.<\/p><p>Falls es sich um einen Fehler deinerseits handelt, kannst du dich \u00fcber den untenstehenden Button erneut anmelden.<\/p>\t\t\t\t\t\t\t\t<\/div>\n\t\t\t\t<\/div>\n\t\t\t\t<div class=\"elementor-element elementor-element-98ffa02 elementor-widget elementor-widget-button\" data-id=\"98ffa02\" data-element_type=\"widget\" data-e-type=\"widget\" data-settings=\"{&quot;_animation_mobile&quot;:&quot;none&quot;}\" data-widget_type=\"button.default\">\n\t\t\t\t<div class=\"elementor-widget-container\">\n\t\t\t\t\t\t\t\t\t<div class=\"elementor-button-wrapper\">\n\t\t\t\t\t<a class=\"elementor-button elementor-button-link elementor-size-sm\" href=\"https:\/\/enigmadventure.ch\/de\/newsletter-anmeldung\/\">\n\t\t\t\t\t\t<span class=\"elementor-button-content-wrapper\">\n\t\t\t\t\t\t\t\t\t<span class=\"elementor-button-text\">Newsletter abonnieren<\/span>\n\t\t\t\t\t<\/span>\n\t\t\t\t\t<\/a>\n\t\t\t\t<\/div>\n\t\t\t\t\t\t\t\t<\/div>\n\t\t\t\t<\/div>\n\t\t\t\t<\/div>\n\t\t\t\t\t<\/div>\n\t\t\t\t<\/div>\n\t\t<div class=\"elementor-element elementor-element-af9ee25 e-flex e-con-boxed e-con e-parent\" data-id=\"af9ee25\" data-element_type=\"container\" data-e-type=\"container\" data-settings=\"{&quot;animation&quot;:&quot;none&quot;,&quot;animation_delay&quot;:300,&quot;animation_mobile&quot;:&quot;none&quot;}\">\n\t\t\t\t\t<div class=\"e-con-inner\">\n\t\t\t\t<div class=\"elementor-element elementor-element-e2156a2 elementor-widget__width-initial elementor-widget elementor-widget-heading\" data-id=\"e2156a2\" data-element_type=\"widget\" data-e-type=\"widget\" data-widget_type=\"heading.default\">\n\t\t\t\t<div class=\"elementor-widget-container\">\n\t\t\t\t\t<h1 class=\"elementor-heading-title elementor-size-default\">Oder folge uns in den sozialen Medien.<\/h1>\t\t\t\t<\/div>\n\t\t\t\t<\/div>\n\t\t\t\t\t<\/div>\n\t\t\t\t<\/div>\n\t\t\t\t<\/div>\n\t\t","protected":false},"excerpt":{"rendered":"<p>Abmeldung erfolgreich Wir best\u00e4tigen dir, dass du keine weiteren Newsletter mehr von uns erhalten wirst. Falls es sich um einen Fehler deinerseits handelt, kannst du dich \u00fcber den untenstehenden Button erneut anmelden. Newsletter abonnieren Oder folge uns in den sozialen Medien.<\/p>\n","protected":false},"author":1,"featured_media":0,"parent":0,"menu_order":0,"comment_status":"closed","ping_status":"closed","template":"","meta":{"footnotes":""},"class_list":["post-37910","page","type-page","status-publish","hentry"],"yoast_head":"<!-- This site is optimized with the Yoast SEO plugin v27.2 - https:\/\/yoast.com\/product\/yoast-seo-wordpress\/ -->\n<title>Abmeldebest\u00e4tigung - Enigmadventure - Chasses au tr\u00e9sor<\/title>\n<meta name=\"description\" content=\"Nimm an der gr\u00f6\u00dften Schatzsuche der Schweiz teil. Ein Buch, 15 R\u00e4tsel und ein Schatz im Wert von CHF 18.000. Nimm die Herausforderung an!\" \/>\n<meta name=\"robots\" content=\"index, follow, max-snippet:-1, max-image-preview:large, max-video-preview:-1\" \/>\n<link rel=\"canonical\" href=\"https:\/\/enigmadventure.ch\/de\/abmeldebestaetigung\/\" \/>\n<meta property=\"og:locale\" content=\"de_DE\" \/>\n<meta property=\"og:type\" content=\"article\" \/>\n<meta property=\"og:title\" content=\"Abmeldebest\u00e4tigung - Enigmadventure - Chasses au tr\u00e9sor\" \/>\n<meta property=\"og:description\" content=\"Nimm an der gr\u00f6\u00dften Schatzsuche der Schweiz teil. Ein Buch, 15 R\u00e4tsel und ein Schatz im Wert von CHF 18.000. Nimm die Herausforderung an!\" \/>\n<meta property=\"og:url\" content=\"https:\/\/enigmadventure.ch\/de\/abmeldebestaetigung\/\" \/>\n<meta property=\"og:site_name\" content=\"Enigmadventure - Chasses au tr\u00e9sor\" \/>\n<meta property=\"article:publisher\" content=\"https:\/\/www.facebook.com\/profile.php?id=61554984249789\" \/>\n<meta property=\"article:modified_time\" content=\"2025-11-26T10:53:34+00:00\" \/>\n<meta name=\"twitter:card\" content=\"summary_large_image\" \/>\n<script type=\"application\/ld+json\" class=\"yoast-schema-graph\">{\"@context\":\"https:\/\/schema.org\",\"@graph\":[{\"@type\":\"WebPage\",\"@id\":\"https:\/\/enigmadventure.ch\/de\/abmeldebestaetigung\/\",\"url\":\"https:\/\/enigmadventure.ch\/de\/abmeldebestaetigung\/\",\"name\":\"Abmeldebest\u00e4tigung - Enigmadventure - Chasses au tr\u00e9sor\",\"isPartOf\":{\"@id\":\"https:\/\/enigmadventure.ch\/de\/#website\"},\"datePublished\":\"2024-11-03T21:05:23+00:00\",\"dateModified\":\"2025-11-26T10:53:34+00:00\",\"description\":\"Nimm an der gr\u00f6\u00dften Schatzsuche der Schweiz teil. Ein Buch, 15 R\u00e4tsel und ein Schatz im Wert von CHF 18.000. Nimm die Herausforderung an!\",\"breadcrumb\":{\"@id\":\"https:\/\/enigmadventure.ch\/de\/abmeldebestaetigung\/#breadcrumb\"},\"inLanguage\":\"de\",\"potentialAction\":[{\"@type\":\"ReadAction\",\"target\":[\"https:\/\/enigmadventure.ch\/de\/abmeldebestaetigung\/\"]}]},{\"@type\":\"BreadcrumbList\",\"@id\":\"https:\/\/enigmadventure.ch\/de\/abmeldebestaetigung\/#breadcrumb\",\"itemListElement\":[{\"@type\":\"ListItem\",\"position\":1,\"name\":\"Startseite\",\"item\":\"https:\/\/enigmadventure.ch\/de\/\"},{\"@type\":\"ListItem\",\"position\":2,\"name\":\"Abmeldebest\u00e4tigung\"}]},{\"@type\":\"WebSite\",\"@id\":\"https:\/\/enigmadventure.ch\/de\/#website\",\"url\":\"https:\/\/enigmadventure.ch\/de\/\",\"name\":\"Enigmadventure - chasse aux tr\u00e9sor\",\"description\":\"\",\"publisher\":{\"@id\":\"https:\/\/enigmadventure.ch\/de\/#organization\"},\"potentialAction\":[{\"@type\":\"SearchAction\",\"target\":{\"@type\":\"EntryPoint\",\"urlTemplate\":\"https:\/\/enigmadventure.ch\/de\/?s={search_term_string}\"},\"query-input\":{\"@type\":\"PropertyValueSpecification\",\"valueRequired\":true,\"valueName\":\"search_term_string\"}}],\"inLanguage\":\"de\"},{\"@type\":\"Organization\",\"@id\":\"https:\/\/enigmadventure.ch\/de\/#organization\",\"name\":\"Enigmadventure\",\"url\":\"https:\/\/enigmadventure.ch\/de\/\",\"logo\":{\"@type\":\"ImageObject\",\"inLanguage\":\"de\",\"@id\":\"https:\/\/enigmadventure.ch\/de\/#\/schema\/logo\/image\/\",\"url\":\"https:\/\/enigmadventure.ch\/wp-content\/uploads\/2024\/08\/cropped-Capture-decran-2024-08-22-a-14.29.05.png\",\"contentUrl\":\"https:\/\/enigmadventure.ch\/wp-content\/uploads\/2024\/08\/cropped-Capture-decran-2024-08-22-a-14.29.05.png\",\"width\":512,\"height\":512,\"caption\":\"Enigmadventure\"},\"image\":{\"@id\":\"https:\/\/enigmadventure.ch\/de\/#\/schema\/logo\/image\/\"},\"sameAs\":[\"https:\/\/www.facebook.com\/profile.php?id=61554984249789\"]}]}<\/script>\n<!-- \/ Yoast SEO plugin. -->","yoast_head_json":{"title":"Abmeldebest\u00e4tigung - Enigmadventure - Chasses au tr\u00e9sor","description":"Nimm an der gr\u00f6\u00dften Schatzsuche der Schweiz teil. Ein Buch, 15 R\u00e4tsel und ein Schatz im Wert von CHF 18.000. Nimm die Herausforderung an!","robots":{"index":"index","follow":"follow","max-snippet":"max-snippet:-1","max-image-preview":"max-image-preview:large","max-video-preview":"max-video-preview:-1"},"canonical":"https:\/\/enigmadventure.ch\/de\/abmeldebestaetigung\/","og_locale":"de_DE","og_type":"article","og_title":"Abmeldebest\u00e4tigung - Enigmadventure - Chasses au tr\u00e9sor","og_description":"Nimm an der gr\u00f6\u00dften Schatzsuche der Schweiz teil. Ein Buch, 15 R\u00e4tsel und ein Schatz im Wert von CHF 18.000. Nimm die Herausforderung an!","og_url":"https:\/\/enigmadventure.ch\/de\/abmeldebestaetigung\/","og_site_name":"Enigmadventure - Chasses au tr\u00e9sor","article_publisher":"https:\/\/www.facebook.com\/profile.php?id=61554984249789","article_modified_time":"2025-11-26T10:53:34+00:00","twitter_card":"summary_large_image","schema":{"@context":"https:\/\/schema.org","@graph":[{"@type":"WebPage","@id":"https:\/\/enigmadventure.ch\/de\/abmeldebestaetigung\/","url":"https:\/\/enigmadventure.ch\/de\/abmeldebestaetigung\/","name":"Abmeldebest\u00e4tigung - Enigmadventure - Chasses au tr\u00e9sor","isPartOf":{"@id":"https:\/\/enigmadventure.ch\/de\/#website"},"datePublished":"2024-11-03T21:05:23+00:00","dateModified":"2025-11-26T10:53:34+00:00","description":"Nimm an der gr\u00f6\u00dften Schatzsuche der Schweiz teil. Ein Buch, 15 R\u00e4tsel und ein Schatz im Wert von CHF 18.000. Nimm die Herausforderung an!","breadcrumb":{"@id":"https:\/\/enigmadventure.ch\/de\/abmeldebestaetigung\/#breadcrumb"},"inLanguage":"de","potentialAction":[{"@type":"ReadAction","target":["https:\/\/enigmadventure.ch\/de\/abmeldebestaetigung\/"]}]},{"@type":"BreadcrumbList","@id":"https:\/\/enigmadventure.ch\/de\/abmeldebestaetigung\/#breadcrumb","itemListElement":[{"@type":"ListItem","position":1,"name":"Startseite","item":"https:\/\/enigmadventure.ch\/de\/"},{"@type":"ListItem","position":2,"name":"Abmeldebest\u00e4tigung"}]},{"@type":"WebSite","@id":"https:\/\/enigmadventure.ch\/de\/#website","url":"https:\/\/enigmadventure.ch\/de\/","name":"Enigmadventure - chasse aux tr\u00e9sor","description":"","publisher":{"@id":"https:\/\/enigmadventure.ch\/de\/#organization"},"potentialAction":[{"@type":"SearchAction","target":{"@type":"EntryPoint","urlTemplate":"https:\/\/enigmadventure.ch\/de\/?s={search_term_string}"},"query-input":{"@type":"PropertyValueSpecification","valueRequired":true,"valueName":"search_term_string"}}],"inLanguage":"de"},{"@type":"Organization","@id":"https:\/\/enigmadventure.ch\/de\/#organization","name":"Enigmadventure","url":"https:\/\/enigmadventure.ch\/de\/","logo":{"@type":"ImageObject","inLanguage":"de","@id":"https:\/\/enigmadventure.ch\/de\/#\/schema\/logo\/image\/","url":"https:\/\/enigmadventure.ch\/wp-content\/uploads\/2024\/08\/cropped-Capture-decran-2024-08-22-a-14.29.05.png","contentUrl":"https:\/\/enigmadventure.ch\/wp-content\/uploads\/2024\/08\/cropped-Capture-decran-2024-08-22-a-14.29.05.png","width":512,"height":512,"caption":"Enigmadventure"},"image":{"@id":"https:\/\/enigmadventure.ch\/de\/#\/schema\/logo\/image\/"},"sameAs":["https:\/\/www.facebook.com\/profile.php?id=61554984249789"]}]}},"_links":{"self":[{"href":"https:\/\/enigmadventure.ch\/de\/wp-json\/wp\/v2\/pages\/37910","targetHints":{"allow":["GET"]}}],"collection":[{"href":"https:\/\/enigmadventure.ch\/de\/wp-json\/wp\/v2\/pages"}],"about":[{"href":"https:\/\/enigmadventure.ch\/de\/wp-json\/wp\/v2\/types\/page"}],"author":[{"embeddable":true,"href":"https:\/\/enigmadventure.ch\/de\/wp-json\/wp\/v2\/users\/1"}],"replies":[{"embeddable":true,"href":"https:\/\/enigmadventure.ch\/de\/wp-json\/wp\/v2\/comments?post=37910"}],"version-history":[{"count":0,"href":"https:\/\/enigmadventure.ch\/de\/wp-json\/wp\/v2\/pages\/37910\/revisions"}],"wp:attachment":[{"href":"https:\/\/enigmadventure.ch\/de\/wp-json\/wp\/v2\/media?parent=37910"}],"curies":[{"name":"wp","href":"https:\/\/api.w.org\/{rel}","templated":true}]}}